{"id":597,"date":"2014-11-12T14:47:57","date_gmt":"2014-11-12T13:47:57","guid":{"rendered":"https:\/\/www.champagne-jacquinot.com\/shop\/produit\/blanc-de-blancs\/"},"modified":"2024-06-21T10:54:45","modified_gmt":"2024-06-21T08:54:45","slug":"la-bouteille-blanc-de-blancs","status":"publish","type":"product","link":"https:\/\/www.champagne-jacquinot.com\/shop\/en\/produit\/la-bouteille-blanc-de-blancs\/","title":{"rendered":"Blanc de blancs"},"content":{"rendered":"<p>&nbsp;<\/p>\n<p style=\"font-style: normal; font-size: 11px; font-family: Verdana, Arial, Helvetica, sans-serif;\"><span style=\"color: #ffffff;\">100 % Chardonnay. Elabor\u00e9 \u00e0 partir d\u2019une seule parcelle qui s\u2019appelle \u00ab l\u2019Almeida \u00bb apr\u00e8s quelques ann\u00e9es d\u2019exp\u00e9rimentation. Ce Champagne est tr\u00e8s vif tr\u00e8s frais avec des notes de citron frais et confit. La robe est d\u2019une couleur or vert pale.Vin sans fermentation malolactique, ce qui lui permet de garder la vivacit\u00e9 et la finesse du chardonnay il n\u2019est pas filtr\u00e9 et ni pass\u00e9 au froidLes bulles tr\u00e8s fines perlent et charment le palais. Il se d\u00e9veloppe des ar\u00f4mes de fleur d\u2019acacia et de miel. La vivacit\u00e9 et la complexit\u00e9 lui donnent une belle longueur. La min\u00e9ralit\u00e9 et la pointe sal\u00e9e le font accompagner les huitres, les fruits de mer et les poissons. Il permet d\u2019accompagner les ap\u00e9ritifs ensoleill\u00e9s de l\u2019\u00e9t\u00e9.<\/span><\/p>\n<p style=\"font-style: normal; font-size: 11px; font-family: Verdana, Arial, Helvetica, sans-serif;\"><strong>Les frais de livraison sont offerts \u00e0 partir de 12 bouteilles et s\u2019appliquent donc pour l\u2019achat de 1,2,3 bouteilles et 1 Magnum.<\/strong><\/p>\n<p style=\"font-weight: 400; font-style: normal; font-size: 11px; font-family: Verdana, Arial, Helvetica, sans-serif;\"><strong style=\"font-size: 11px;\">Conditionnement : 1 bouteille, 2 bouteilles, 3 bouteilles, 1 Magnum, 12 Bouteilles et 24 bouteilles uniquement.<\/strong><\/p>\n","protected":false},"excerpt":{"rendered":"<p>&nbsp; 100 % Chardonnay. Elabor\u00e9 \u00e0 partir d\u2019une seule parcelle qui s\u2019appelle \u00ab l\u2019Almeida \u00bb apr\u00e8s quelques ann\u00e9es d\u2019exp\u00e9rimentation. Ce Champagne est tr\u00e8s vif tr\u00e8s frais avec des notes de citron frais et confit. La robe est d\u2019une couleur or vert pale.Vin sans fermentation malolactique, ce qui lui permet de garder la vivacit\u00e9 et la [&hellip;]<\/p>\n","protected":false},"featured_media":604,"template":"","meta":{"_acf_changed":false},"product_brand":[],"product_cat":[41],"product_tag":[],"class_list":{"0":"post-597","1":"product","2":"type-product","3":"status-publish","4":"has-post-thumbnail","6":"product_cat-blanc-de-blancs-en","7":"product_shipping_class-bouteille","9":"first","10":"instock","11":"shipping-taxable","12":"purchasable","13":"product-type-simple"},"acf":[],"_links":{"self":[{"href":"https:\/\/www.champagne-jacquinot.com\/shop\/en\/wp-json\/wp\/v2\/product\/597","targetHints":{"allow":["GET"]}}],"collection":[{"href":"https:\/\/www.champagne-jacquinot.com\/shop\/en\/wp-json\/wp\/v2\/product"}],"about":[{"href":"https:\/\/www.champagne-jacquinot.com\/shop\/en\/wp-json\/wp\/v2\/types\/product"}],"wp:featuredmedia":[{"embeddable":true,"href":"https:\/\/www.champagne-jacquinot.com\/shop\/en\/wp-json\/wp\/v2\/media\/604"}],"wp:attachment":[{"href":"https:\/\/www.champagne-jacquinot.com\/shop\/en\/wp-json\/wp\/v2\/media?parent=597"}],"wp:term":[{"taxonomy":"product_brand","embeddable":true,"href":"https:\/\/www.champagne-jacquinot.com\/shop\/en\/wp-json\/wp\/v2\/product_brand?post=597"},{"taxonomy":"product_cat","embeddable":true,"href":"https:\/\/www.champagne-jacquinot.com\/shop\/en\/wp-json\/wp\/v2\/product_cat?post=597"},{"taxonomy":"product_tag","embeddable":true,"href":"https:\/\/www.champagne-jacquinot.com\/shop\/en\/wp-json\/wp\/v2\/product_tag?post=597"}],"curies":[{"name":"wp","href":"https:\/\/api.w.org\/{rel}","templated":true}]}}