{"id":33,"date":"2014-11-12T14:49:15","date_gmt":"2014-11-12T13:49:15","guid":{"rendered":"http:\/\/www.champagne-jacquinot.com\/shop\/produit\/la-bouteille-blanc-de-noirs\/"},"modified":"2025-04-15T11:44:40","modified_gmt":"2025-04-15T09:44:40","slug":"la-bouteille-blanc-de-noirs","status":"publish","type":"product","link":"https:\/\/www.champagne-jacquinot.com\/shop\/produit\/la-bouteille-blanc-de-noirs\/","title":{"rendered":"Blanc de noirs"},"content":{"rendered":"<p>Cette cuv\u00e9e est la derni\u00e9re n\u00e9e. Elle vient compl\u00e9ter la gamme , c\u2019est un brut sans ann\u00e9e.Elle est compos\u00e9e d\u2019un assemblage de Pinot Noir uniquement.\u00a0La fermentation malolactique n\u2019est pas r\u00e9alis\u00e9e pour cet assemblage. Le but \u00e9tant de garder la vivacit\u00e9 et le fruit\u00e9 du Pinot Noir. Les vins ne sont pas pass\u00e9s au froid ni filtr\u00e9s.La couleur pr\u00e9sente des nuances or rose. Les fines bulles r\u00e9v\u00e8lent les notes fruit\u00e9es de cerises et de fraises qui le caract\u00e9risent. Sa finale acidul\u00e9e lui permet d\u2019\u00eatre servi \u00e0 l\u2019ap\u00e9ritif.<\/p>\n<p><strong>Les frais de livraison sont offerts \u00e0 partir de 12 bouteilles et s\u2019appliquent donc pour l\u2019achat de 1,2,3 bouteilles et 1 Magnum.<\/strong><\/p>\n<p><strong>Conditionnement : 1 bouteille, 2 bouteilles, 3 bouteilles, 1 Magnum, 12 Bouteilles et 24 bouteilles uniquement.<\/strong><\/p>\n","protected":false},"excerpt":{"rendered":"<p>Cette cuv\u00e9e est la derni\u00e9re n\u00e9e. Elle vient compl\u00e9ter la gamme , c\u2019est un brut sans ann\u00e9e.Elle est compos\u00e9e d\u2019un assemblage de Pinot Noir uniquement.\u00a0La fermentation malolactique n\u2019est pas r\u00e9alis\u00e9e pour cet assemblage. Le but \u00e9tant de garder la vivacit\u00e9 et le fruit\u00e9 du Pinot Noir. Les vins ne sont pas pass\u00e9s au froid ni [&hellip;]<\/p>\n","protected":false},"featured_media":605,"template":"","meta":{"_acf_changed":false},"product_brand":[],"product_cat":[20],"product_tag":[],"class_list":{"0":"post-33","1":"product","2":"type-product","3":"status-publish","4":"has-post-thumbnail","6":"product_cat-blanc-de-noirs","7":"product_shipping_class-bouteille","9":"first","10":"instock","11":"shipping-taxable","12":"purchasable","13":"product-type-simple"},"acf":[],"_links":{"self":[{"href":"https:\/\/www.champagne-jacquinot.com\/shop\/wp-json\/wp\/v2\/product\/33","targetHints":{"allow":["GET"]}}],"collection":[{"href":"https:\/\/www.champagne-jacquinot.com\/shop\/wp-json\/wp\/v2\/product"}],"about":[{"href":"https:\/\/www.champagne-jacquinot.com\/shop\/wp-json\/wp\/v2\/types\/product"}],"wp:featuredmedia":[{"embeddable":true,"href":"https:\/\/www.champagne-jacquinot.com\/shop\/wp-json\/wp\/v2\/media\/605"}],"wp:attachment":[{"href":"https:\/\/www.champagne-jacquinot.com\/shop\/wp-json\/wp\/v2\/media?parent=33"}],"wp:term":[{"taxonomy":"product_brand","embeddable":true,"href":"https:\/\/www.champagne-jacquinot.com\/shop\/wp-json\/wp\/v2\/product_brand?post=33"},{"taxonomy":"product_cat","embeddable":true,"href":"https:\/\/www.champagne-jacquinot.com\/shop\/wp-json\/wp\/v2\/product_cat?post=33"},{"taxonomy":"product_tag","embeddable":true,"href":"https:\/\/www.champagne-jacquinot.com\/shop\/wp-json\/wp\/v2\/product_tag?post=33"}],"curies":[{"name":"wp","href":"https:\/\/api.w.org\/{rel}","templated":true}]}}